{"id":73,"date":"2011-03-26T16:17:46","date_gmt":"2011-03-26T15:17:46","guid":{"rendered":"http:\/\/competenciesiepd.blog.pangea.org\/?page_id=73"},"modified":"2012-07-10T11:52:14","modified_gmt":"2012-07-10T09:52:14","slug":"projecte-competencies-i-epd","status":"publish","type":"page","link":"https:\/\/competenciesiepd.blog.pangea.org\/es\/projecte-competencies-i-epd\/","title":{"rendered":"Proyecto Competencias y EPD"},"content":{"rendered":"<p><\/p>\n<p>\u00bfQuieres saber m\u00e1s sobre el proyecto?<\/p>\n<p>En esta secci\u00f3n podr\u00e1s encontrar informaci\u00f3n sobre c\u00f3mo est\u00e1 dise\u00f1ado el proyecto, en cada una de las siguientes p\u00e1ginas:<\/p>\n<p>*\u00a0\u00a0\u00a0\u00a0\u00a0\u00a0\u00a0\u00a0\u00a0 \u00bf<a href=\"http:\/\/competenciesiepd.blog.pangea.org\/projecte-competencies-i-epd\/que-es-competencies-i-epd\/\">Qu\u00e9 es Competencias y EpD (el proyecto)?<\/a><\/p>\n<p>*\u00a0\u00a0\u00a0\u00a0\u00a0\u00a0\u00a0\u00a0\u00a0 <a href=\"http:\/\/competenciesiepd.blog.pangea.org\/projecte-competencies-i-epd\/per-que-competencies-i-epd\/\">\u00bfPor qu\u00e9 el proyecto Competencias y EpD?<\/a><\/p>\n<p>*\u00a0\u00a0\u00a0\u00a0\u00a0\u00a0\u00a0\u00a0\u00a0 <a href=\"http:\/\/competenciesiepd.blog.pangea.org\/projecte-competencies-i-epd\/principis-i-planificacio\/\">Planificaci\u00f3n del proyecto y calendario de trabajo<\/a><\/p>\n<p>*\u00a0\u00a0\u00a0\u00a0\u00a0\u00a0\u00a0\u00a0\u00a0 <a href=\"http:\/\/competenciesiepd.blog.pangea.org\/projecte-competencies-i-epd\/principis-gestio-i-transparencia\/\">Principios operativos, de gesti\u00f3n y transperencia del proyecto<\/a><\/p>\n<p><\/p>","protected":false},"excerpt":{"rendered":"<p>\u00bfQuieres saber m\u00e1s sobre el proyecto? En esta secci\u00f3n podr\u00e1s encontrar informaci\u00f3n sobre c\u00f3mo est\u00e1 dise\u00f1ado el proyecto, en cada una de las siguientes p\u00e1ginas: *\u00a0\u00a0\u00a0\u00a0\u00a0\u00a0\u00a0\u00a0\u00a0 \u00bfQu\u00e9 es Competencias y EpD (el proyecto)? *\u00a0\u00a0\u00a0\u00a0\u00a0\u00a0\u00a0\u00a0\u00a0 \u00bfPor qu\u00e9 el proyecto Competencias y EpD? *\u00a0\u00a0\u00a0\u00a0\u00a0\u00a0\u00a0\u00a0\u00a0 Planificaci\u00f3n del proyecto y calendario de trabajo *\u00a0\u00a0\u00a0\u00a0\u00a0\u00a0\u00a0\u00a0\u00a0 Principios operativos, de gesti\u00f3n y&hellip;&nbsp;<a href=\"https:\/\/competenciesiepd.blog.pangea.org\/es\/projecte-competencies-i-epd\/\" rel=\"bookmark\">Leer m\u00e1s &raquo;<span class=\"screen-reader-text\">Proyecto Competencias y EPD<\/span><\/a><\/p>\n","protected":false},"author":706,"featured_media":0,"parent":0,"menu_order":1,"comment_status":"open","ping_status":"open","template":"","meta":{"neve_meta_sidebar":"","neve_meta_container":"","neve_meta_enable_content_width":"","neve_meta_content_width":0,"neve_meta_title_alignment":"","neve_meta_author_avatar":"","neve_post_elements_order":"","neve_meta_disable_header":"","neve_meta_disable_footer":"","neve_meta_disable_title":"","footnotes":""},"class_list":["post-73","page","type-page","status-publish","hentry"],"jetpack_sharing_enabled":true,"_links":{"self":[{"href":"https:\/\/competenciesiepd.blog.pangea.org\/es\/wp-json\/wp\/v2\/pages\/73","targetHints":{"allow":["GET"]}}],"collection":[{"href":"https:\/\/competenciesiepd.blog.pangea.org\/es\/wp-json\/wp\/v2\/pages"}],"about":[{"href":"https:\/\/competenciesiepd.blog.pangea.org\/es\/wp-json\/wp\/v2\/types\/page"}],"author":[{"embeddable":true,"href":"https:\/\/competenciesiepd.blog.pangea.org\/es\/wp-json\/wp\/v2\/users\/706"}],"replies":[{"embeddable":true,"href":"https:\/\/competenciesiepd.blog.pangea.org\/es\/wp-json\/wp\/v2\/comments?post=73"}],"version-history":[{"count":28,"href":"https:\/\/competenciesiepd.blog.pangea.org\/es\/wp-json\/wp\/v2\/pages\/73\/revisions"}],"predecessor-version":[{"id":179,"href":"https:\/\/competenciesiepd.blog.pangea.org\/es\/wp-json\/wp\/v2\/pages\/73\/revisions\/179"}],"wp:attachment":[{"href":"https:\/\/competenciesiepd.blog.pangea.org\/es\/wp-json\/wp\/v2\/media?parent=73"}],"curies":[{"name":"wp","href":"https:\/\/api.w.org\/{rel}","templated":true}]}}