{"id":212,"date":"2011-03-31T18:12:47","date_gmt":"2011-03-31T17:12:47","guid":{"rendered":"http:\/\/competenciesiepd.blog.pangea.org\/?page_id=212"},"modified":"2013-09-24T23:26:18","modified_gmt":"2013-09-24T21:26:18","slug":"xarxa","status":"publish","type":"page","link":"https:\/\/competenciesiepd.blog.pangea.org\/es\/xarxa\/","title":{"rendered":"Red de apoyo"},"content":{"rendered":"<p><br \/>\nM\u00e1s de 75 personas de diferentes entidades, plataformas, universidades y administraci\u00f3n han formado parte del grupo de trabajo que ha contribuido a la reflexi\u00f3n y construcci\u00f3n de la gu\u00eda metodol\u00f3gica Competencias y EpD.<\/p>\n<p>Adem\u00e1s del equipo que ha participado en las diferentes sesiones, hemos contado con la colaboraci\u00f3n de personas que puntualmente han aportado su experiencia y conocimiento por otras v\u00edas.<\/p>\n<p>Contamos con un espacio de interacci\u00f3n en Internet en el Aula y una lista de distribuci\u00f3n que nos permite actualizar con noticias del avance en la construcci\u00f3n de la gu\u00eda e intercambiar opiniones sobre Educaci\u00f3n para el Desarrollo y la escuela.<br \/>\n<\/p>","protected":false},"excerpt":{"rendered":"<p>M\u00e1s de 75 personas de diferentes entidades, plataformas, universidades y administraci\u00f3n han formado parte del grupo de trabajo que ha contribuido a la reflexi\u00f3n y construcci\u00f3n de la gu\u00eda metodol\u00f3gica Competencias y EpD. Adem\u00e1s del equipo que ha participado en las diferentes sesiones, hemos contado con la colaboraci\u00f3n de personas que puntualmente han aportado su&hellip;&nbsp;<a href=\"https:\/\/competenciesiepd.blog.pangea.org\/es\/xarxa\/\" rel=\"bookmark\">Leer m\u00e1s &raquo;<span class=\"screen-reader-text\">Red de apoyo<\/span><\/a><\/p>\n","protected":false},"author":705,"featured_media":0,"parent":0,"menu_order":5,"comment_status":"open","ping_status":"open","template":"","meta":{"neve_meta_sidebar":"","neve_meta_container":"","neve_meta_enable_content_width":"","neve_meta_content_width":0,"neve_meta_title_alignment":"","neve_meta_author_avatar":"","neve_post_elements_order":"","neve_meta_disable_header":"","neve_meta_disable_footer":"","neve_meta_disable_title":"","footnotes":""},"class_list":["post-212","page","type-page","status-publish","hentry"],"jetpack_sharing_enabled":true,"_links":{"self":[{"href":"https:\/\/competenciesiepd.blog.pangea.org\/es\/wp-json\/wp\/v2\/pages\/212","targetHints":{"allow":["GET"]}}],"collection":[{"href":"https:\/\/competenciesiepd.blog.pangea.org\/es\/wp-json\/wp\/v2\/pages"}],"about":[{"href":"https:\/\/competenciesiepd.blog.pangea.org\/es\/wp-json\/wp\/v2\/types\/page"}],"author":[{"embeddable":true,"href":"https:\/\/competenciesiepd.blog.pangea.org\/es\/wp-json\/wp\/v2\/users\/705"}],"replies":[{"embeddable":true,"href":"https:\/\/competenciesiepd.blog.pangea.org\/es\/wp-json\/wp\/v2\/comments?post=212"}],"version-history":[{"count":10,"href":"https:\/\/competenciesiepd.blog.pangea.org\/es\/wp-json\/wp\/v2\/pages\/212\/revisions"}],"predecessor-version":[{"id":3266,"href":"https:\/\/competenciesiepd.blog.pangea.org\/es\/wp-json\/wp\/v2\/pages\/212\/revisions\/3266"}],"wp:attachment":[{"href":"https:\/\/competenciesiepd.blog.pangea.org\/es\/wp-json\/wp\/v2\/media?parent=212"}],"curies":[{"name":"wp","href":"https:\/\/api.w.org\/{rel}","templated":true}]}}