{"id":205,"date":"2011-03-28T17:59:23","date_gmt":"2011-03-28T16:59:23","guid":{"rendered":"http:\/\/competenciesiepd.blog.pangea.org\/?page_id=205"},"modified":"2011-10-19T17:10:59","modified_gmt":"2011-10-19T16:10:59","slug":"competencies-basiques","status":"publish","type":"page","link":"https:\/\/competenciesiepd.blog.pangea.org\/es\/recursos\/competencies-basiques\/","title":{"rendered":"Competencias B\u00e1sicas"},"content":{"rendered":"<p>En   aquesta secci\u00f3 us oferim tot un seguit d\u2019articles i textos  relacionats amb el   curr\u00edculum i les compet\u00e8ncies b\u00e0siques que presentem  amb el seg\u00fcent directori.<\/p>\n<ul>\n<li><a title=\"Curr\u00edculum Prim\u00e0ria\" href=\"http:\/\/competenciesiepd.blog.pangea.org\/?p=384\">Curriculum de   Prim\u00e0ria.<\/a><\/li>\n<li>Curriculum de   Secund\u00e0ria.<\/li>\n<li><a href=\"http:\/\/competenciesiepd.blog.pangea.org\/2011\/06\/07\/competencies-basiques\/\">Compet\u00e8ncies   b\u00e0siques.<\/a><\/li>\n<li> \u00c0mbit com\u00fa.<\/li>\n<\/ul>\n<p><\/p>","protected":false},"excerpt":{"rendered":"<p>En aquesta secci\u00f3 us oferim tot un seguit d\u2019articles i textos relacionats amb el curr\u00edculum i les compet\u00e8ncies b\u00e0siques que presentem amb el seg\u00fcent directori. Curriculum de Prim\u00e0ria. Curriculum de Secund\u00e0ria. Compet\u00e8ncies b\u00e0siques. \u00c0mbit com\u00fa.<\/p>\n","protected":false},"author":705,"featured_media":0,"parent":200,"menu_order":2,"comment_status":"open","ping_status":"open","template":"","meta":{"neve_meta_sidebar":"","neve_meta_container":"","neve_meta_enable_content_width":"","neve_meta_content_width":0,"neve_meta_title_alignment":"","neve_meta_author_avatar":"","neve_post_elements_order":"","neve_meta_disable_header":"","neve_meta_disable_footer":"","neve_meta_disable_title":"","footnotes":""},"class_list":["post-205","page","type-page","status-publish","hentry"],"jetpack_sharing_enabled":true,"_links":{"self":[{"href":"https:\/\/competenciesiepd.blog.pangea.org\/es\/wp-json\/wp\/v2\/pages\/205","targetHints":{"allow":["GET"]}}],"collection":[{"href":"https:\/\/competenciesiepd.blog.pangea.org\/es\/wp-json\/wp\/v2\/pages"}],"about":[{"href":"https:\/\/competenciesiepd.blog.pangea.org\/es\/wp-json\/wp\/v2\/types\/page"}],"author":[{"embeddable":true,"href":"https:\/\/competenciesiepd.blog.pangea.org\/es\/wp-json\/wp\/v2\/users\/705"}],"replies":[{"embeddable":true,"href":"https:\/\/competenciesiepd.blog.pangea.org\/es\/wp-json\/wp\/v2\/comments?post=205"}],"version-history":[{"count":13,"href":"https:\/\/competenciesiepd.blog.pangea.org\/es\/wp-json\/wp\/v2\/pages\/205\/revisions"}],"predecessor-version":[{"id":319,"href":"https:\/\/competenciesiepd.blog.pangea.org\/es\/wp-json\/wp\/v2\/pages\/205\/revisions\/319"}],"up":[{"embeddable":true,"href":"https:\/\/competenciesiepd.blog.pangea.org\/es\/wp-json\/wp\/v2\/pages\/200"}],"wp:attachment":[{"href":"https:\/\/competenciesiepd.blog.pangea.org\/es\/wp-json\/wp\/v2\/media?parent=205"}],"curies":[{"name":"wp","href":"https:\/\/api.w.org\/{rel}","templated":true}]}}