{"id":202,"date":"2011-03-28T17:54:11","date_gmt":"2011-03-28T16:54:11","guid":{"rendered":"http:\/\/competenciesiepd.blog.pangea.org\/?page_id=202"},"modified":"2013-06-26T11:11:05","modified_gmt":"2013-06-26T09:11:05","slug":"educacio-per-al-desenvolupament","status":"publish","type":"page","link":"https:\/\/competenciesiepd.blog.pangea.org\/es\/recursos\/educacio-per-al-desenvolupament\/","title":{"rendered":"Educaci\u00f3n para el Desarrollo"},"content":{"rendered":"<p>En esta secci\u00f3n os ofrecemos una lista de art\u00edculos y textos relacionados con la Educaci\u00f3n para el Desarrollo y tem\u00e1ticas vinculadas.<\/p>\n<p>Documentos de trabajo comisiones proyecto Competencias y EPD:<\/p>\n<p><a href=\"http:\/\/competenciesiepd.blog.pangea.org\/recursos\/educacio-per-al-desenvolupament\/principis-metodologics-de-lepd-a-lescola\/?lang=es\" target=\"_blank\">Principios metodol\u00f3gicos en que se basa la educaci\u00f3n para el desarrollo en el \u00e1mbito escolar<\/a><\/p>\n<p><a href=\"http:\/\/competenciesiepd.blog.pangea.org\/recursos\/educacio-per-al-desenvolupament\/proposta-deixos-tematics-depd-a-lambit-escolar\/?lang=es\" target=\"_blank\">Propuesta de ejes tem\u00e1ticos<\/a><\/p>\n<p>Altres informacions:<\/p>\n<ul>\n<li><a title=\"Educaci\u00f3 per al Desenvolupament\" href=\"http:\/\/competenciesiepd.blog.pangea.org\/?p=345\">Educaci\u00f3 per al Desenvolupament.<\/a><\/li>\n<li><a title=\"Drets Humans\" href=\"http:\/\/competenciesiepd.blog.pangea.org\/?p=349\">Drets Humans.<\/a><\/li>\n<li><a href=\"http:\/\/competenciesiepd.blog.pangea.org\/2011\/06\/07\/bibliografia-metodologia-educativa\/\">Pensament pedag\u00f2gic<\/a>.<\/li>\n<li><a title=\"Pau\" href=\"http:\/\/competenciesiepd.blog.pangea.org\/?p=353\">Pau.<\/a><\/li>\n<li><a title=\"Desarmament\" href=\"http:\/\/competenciesiepd.blog.pangea.org\/?p=355\">Desarmament.<\/a><\/li>\n<li><a title=\"Cooperaci\u00f3\" href=\"http:\/\/competenciesiepd.blog.pangea.org\/?p=357\">Cooperaci\u00f3.<\/a><\/li>\n<li><a title=\"Medi Ambient\" href=\"http:\/\/competenciesiepd.blog.pangea.org\/?p=359\">Medi ambient.<\/a><\/li>\n<li><a title=\"Interculturalitat\" href=\"http:\/\/competenciesiepd.blog.pangea.org\/?p=361\">Interculturalitat.<\/a><\/li>\n<li><a title=\"Desigualtats socials i econ\u00f2miques\" href=\"http:\/\/competenciesiepd.blog.pangea.org\/?p=363\">Desigualtats socials i econ\u00f2miques.<\/a><\/li>\n<li><a title=\"Rol i G\u00e8nere\" href=\"http:\/\/competenciesiepd.blog.pangea.org\/?p=365\">Rol i g\u00e8nere.<\/a><\/li>\n<\/ul>\n<p><\/p>","protected":false},"excerpt":{"rendered":"<p>En esta secci\u00f3n os ofrecemos una lista de art\u00edculos y textos relacionados con la Educaci\u00f3n para el Desarrollo y tem\u00e1ticas vinculadas. Documentos de trabajo comisiones proyecto Competencias y EPD: Principios metodol\u00f3gicos en que se basa la educaci\u00f3n para el desarrollo en el \u00e1mbito escolar Propuesta de ejes tem\u00e1ticos Altres informacions: Educaci\u00f3 per al Desenvolupament. Drets&hellip;&nbsp;<a href=\"https:\/\/competenciesiepd.blog.pangea.org\/es\/recursos\/educacio-per-al-desenvolupament\/\" rel=\"bookmark\">Leer m\u00e1s &raquo;<span class=\"screen-reader-text\">Educaci\u00f3n para el Desarrollo<\/span><\/a><\/p>\n","protected":false},"author":705,"featured_media":0,"parent":200,"menu_order":1,"comment_status":"open","ping_status":"open","template":"","meta":{"neve_meta_sidebar":"","neve_meta_container":"","neve_meta_enable_content_width":"","neve_meta_content_width":0,"neve_meta_title_alignment":"","neve_meta_author_avatar":"","neve_post_elements_order":"","neve_meta_disable_header":"","neve_meta_disable_footer":"","neve_meta_disable_title":"","footnotes":""},"class_list":["post-202","page","type-page","status-publish","hentry"],"jetpack_sharing_enabled":true,"_links":{"self":[{"href":"https:\/\/competenciesiepd.blog.pangea.org\/es\/wp-json\/wp\/v2\/pages\/202","targetHints":{"allow":["GET"]}}],"collection":[{"href":"https:\/\/competenciesiepd.blog.pangea.org\/es\/wp-json\/wp\/v2\/pages"}],"about":[{"href":"https:\/\/competenciesiepd.blog.pangea.org\/es\/wp-json\/wp\/v2\/types\/page"}],"author":[{"embeddable":true,"href":"https:\/\/competenciesiepd.blog.pangea.org\/es\/wp-json\/wp\/v2\/users\/705"}],"replies":[{"embeddable":true,"href":"https:\/\/competenciesiepd.blog.pangea.org\/es\/wp-json\/wp\/v2\/comments?post=202"}],"version-history":[{"count":12,"href":"https:\/\/competenciesiepd.blog.pangea.org\/es\/wp-json\/wp\/v2\/pages\/202\/revisions"}],"predecessor-version":[{"id":317,"href":"https:\/\/competenciesiepd.blog.pangea.org\/es\/wp-json\/wp\/v2\/pages\/202\/revisions\/317"}],"up":[{"embeddable":true,"href":"https:\/\/competenciesiepd.blog.pangea.org\/es\/wp-json\/wp\/v2\/pages\/200"}],"wp:attachment":[{"href":"https:\/\/competenciesiepd.blog.pangea.org\/es\/wp-json\/wp\/v2\/media?parent=202"}],"curies":[{"name":"wp","href":"https:\/\/api.w.org\/{rel}","templated":true}]}}