{"id":195,"date":"2011-03-26T17:42:43","date_gmt":"2011-03-26T16:42:43","guid":{"rendered":"http:\/\/competenciesiepd.blog.pangea.org\/?page_id=195"},"modified":"2017-11-30T06:52:12","modified_gmt":"2017-11-30T05:52:12","slug":"principis-gestio-i-transparencia","status":"publish","type":"page","link":"https:\/\/competenciesiepd.blog.pangea.org\/es\/projecte-competencies-i-epd\/principis-gestio-i-transparencia\/","title":{"rendered":"Principios operativos, gesti\u00f3n i transperencia del proyecto"},"content":{"rendered":"<p><\/p>\n<p style=\"text-align: justify\"><img loading=\"lazy\" decoding=\"async\" src=\"http:\/\/edualter.galeria.pangea.org\/cache\/competencies-i-epd\/sessio-10-31-gener-2012\/k_presentacio-segon-any-01_695.jpg\" width=\"695\" height=\"463\" class=\"alignleft\" \/>Consideramos que es muy importante presentarles los principios operativos seg\u00fan los cuales se desarrolla este proyecto, en la medida que se espera que las personas que participan se sientan a gusto y con la seguridad de formar parte de un proyecto con el que identifican plenamente.<\/p>\n<p style=\"text-align: justify\">En cuanto al perfil del proyecto, consideramos que es un proyecto p\u00fablico, destinado a la mejora de las instituciones educativas con independencia y libertad para proponer nuevos planteamientos.<\/p>\n<p style=\"text-align: justify\">Por su caracter\u00edstica p\u00fablica, la financiaci\u00f3n tiene su origen en la convocatoria de subvenciones del programa de Educaci\u00f3n para el Desarrollo del Ayuntamiento de Barcelona.<\/p>\n<p style=\"text-align: justify\">El acceso a la informaci\u00f3n y la transparencia tambi\u00e9n son dos principios vinculados a las caracter\u00edsiticas del proyecto. Tanto el avance de las actividades como la utilizaci\u00f3n de los recursos ser\u00e1n p\u00fablicos y consultables por cualquiera que tenga inter\u00e9s en esta informaci\u00f3n.<\/p>\n<p style=\"text-align: justify\">En cuanto a las personas que participan en el proyecto se reconocen y se valoran por su diversidad de opiniones y la riqueza de experiencias que cada aporta al proyecto.<\/p>\n<p style=\"text-align: justify\">En cuanto a las herramientas tecnol\u00f3gicas para la informaci\u00f3n y la comunicaci\u00f3n, se mantiene un posicionamiento firme en el uso de software libre, redes sociales no comerciales y licencias de autor\u00eda creative commons.<\/p>\n<p><\/p>","protected":false},"excerpt":{"rendered":"<p>Consideramos que es muy importante presentarles los principios operativos seg\u00fan los cuales se desarrolla este proyecto, en la medida que se espera que las personas que participan se sientan a gusto y con la seguridad de formar parte de un proyecto con el que identifican plenamente. En cuanto al perfil del proyecto, consideramos que es&hellip;&nbsp;<a href=\"https:\/\/competenciesiepd.blog.pangea.org\/es\/projecte-competencies-i-epd\/principis-gestio-i-transparencia\/\" rel=\"bookmark\">Leer m\u00e1s &raquo;<span class=\"screen-reader-text\">Principios operativos, gesti\u00f3n i transperencia del proyecto<\/span><\/a><\/p>\n","protected":false},"author":705,"featured_media":0,"parent":73,"menu_order":4,"comment_status":"open","ping_status":"open","template":"","meta":{"neve_meta_sidebar":"","neve_meta_container":"","neve_meta_enable_content_width":"","neve_meta_content_width":0,"neve_meta_title_alignment":"","neve_meta_author_avatar":"","neve_post_elements_order":"","neve_meta_disable_header":"","neve_meta_disable_footer":"","neve_meta_disable_title":"","footnotes":""},"class_list":["post-195","page","type-page","status-publish","hentry"],"jetpack_sharing_enabled":true,"_links":{"self":[{"href":"https:\/\/competenciesiepd.blog.pangea.org\/es\/wp-json\/wp\/v2\/pages\/195","targetHints":{"allow":["GET"]}}],"collection":[{"href":"https:\/\/competenciesiepd.blog.pangea.org\/es\/wp-json\/wp\/v2\/pages"}],"about":[{"href":"https:\/\/competenciesiepd.blog.pangea.org\/es\/wp-json\/wp\/v2\/types\/page"}],"author":[{"embeddable":true,"href":"https:\/\/competenciesiepd.blog.pangea.org\/es\/wp-json\/wp\/v2\/users\/705"}],"replies":[{"embeddable":true,"href":"https:\/\/competenciesiepd.blog.pangea.org\/es\/wp-json\/wp\/v2\/comments?post=195"}],"version-history":[{"count":14,"href":"https:\/\/competenciesiepd.blog.pangea.org\/es\/wp-json\/wp\/v2\/pages\/195\/revisions"}],"predecessor-version":[{"id":18808,"href":"https:\/\/competenciesiepd.blog.pangea.org\/es\/wp-json\/wp\/v2\/pages\/195\/revisions\/18808"}],"up":[{"embeddable":true,"href":"https:\/\/competenciesiepd.blog.pangea.org\/es\/wp-json\/wp\/v2\/pages\/73"}],"wp:attachment":[{"href":"https:\/\/competenciesiepd.blog.pangea.org\/es\/wp-json\/wp\/v2\/media?parent=195"}],"curies":[{"name":"wp","href":"https:\/\/api.w.org\/{rel}","templated":true}]}}