{"id":19146,"date":"2020-01-22T15:57:08","date_gmt":"2020-01-22T14:57:08","guid":{"rendered":"http:\/\/competenciesiepd.blog.pangea.org\/?page_id=19146"},"modified":"2020-03-06T08:48:48","modified_gmt":"2020-03-06T07:48:48","slug":"avaluar-per-transformar-el-mon","status":"publish","type":"page","link":"https:\/\/competenciesiepd.blog.pangea.org\/es\/avaluar-per-transformar-el-mon\/","title":{"rendered":"Evaluar para transformar el mundo"},"content":{"rendered":"<p><span lang=\"es-ES\">Con este proyecto queremos profundizar en la concreci\u00f3n de una propuesta de evaluaci\u00f3n coherente con los contenidos de aprendizaje y el enfoque did\u00e1ctico &#8211; metodol\u00f3gico del modelo curricular elaborado en el marco del programa Competencias para Transformar el Mundo. Con el trabajo desarrollado en las etapas anteriores nos hemos centrado en el nivel de evaluaci\u00f3n de aprendizajes, y hemos concretado unos criterios de evaluaci\u00f3n para cada uno de los contenidos de aprendizaje planteados. Lo que proponemos con este proyecto es avanzar un paso m\u00e1s en la reflexi\u00f3n y la concreci\u00f3n de criterios e instrumentos que permitan evaluar tambi\u00e9n el cambio de actitudes, y la transformaci\u00f3n (de las relaciones educativas, de la estructura &#8211; instituci\u00f3n escolar, y del entorno).<\/span><\/p>\n<p><span lang=\"es-ES\">Realizaremos un seminario para reflexionar y concretar formas de evaluar la educaci\u00f3n para la justicia global (EJG) centradas no s\u00f3lo en el logro de contenidos de aprendizaje y en la capacidad de transferencia y aplicaci\u00f3n a diferentes contextos (centro educativo, entorno familiar, comunidad), sino tambi\u00e9n en c\u00f3mo las competencias adquiridas contribuyen a transformar estos contextos. Como resultado del proceso formativo y reflexivo elaboraremos algunos criterios e instrumentos \u00fatiles para valorar el cambio de actitudes y la transformaci\u00f3n del entorno y su contribuci\u00f3n a la Justicia Global.<\/span><\/p>\n<p><span lang=\"es-ES\">Publicaremos los resultados en la plataforma online de la <a href=\"http:\/\/competenciesiepd.edualter.org\/es\/pagina-inicial?set_language=es\" target=\"_blank\" rel=\"noopener noreferrer\">Gu\u00eda de orientaciones pedag\u00f3gicas <\/a><\/span><span style=\"color: #0000ff\"><u><a href=\"http:\/\/competenciesiepd.edualter.org\/ca\"><span lang=\"es-ES\">&nbsp;<\/span><\/a><\/u><\/span><span lang=\"es-ES\"> vincul\u00e1ndolos con los contenidos de aprendizaje de los 6 ejes tem\u00e1ticos que propone la gu\u00eda, y con los contenidos del curr\u00edculo de educaci\u00f3n obligatoria, por lo que servir\u00e1n de orientaci\u00f3n y de apoyo al profesorado para evaluar el aprendizaje de competencias, en concordancia con los ordenamientos de evaluaci\u00f3n competencial, desde una mirada transformadora.<\/span><\/p>","protected":false},"excerpt":{"rendered":"<p>Con este proyecto queremos profundizar en la concreci\u00f3n de una propuesta de evaluaci\u00f3n coherente con los contenidos de aprendizaje y el enfoque did\u00e1ctico &#8211; metodol\u00f3gico del modelo curricular elaborado en el marco del programa Competencias para Transformar el Mundo. Con el trabajo desarrollado en las etapas anteriores nos hemos centrado en el nivel de evaluaci\u00f3n&hellip;&nbsp;<a href=\"https:\/\/competenciesiepd.blog.pangea.org\/es\/avaluar-per-transformar-el-mon\/\" rel=\"bookmark\">Leer m\u00e1s &raquo;<span class=\"screen-reader-text\">Evaluar para transformar el mundo<\/span><\/a><\/p>\n","protected":false},"author":705,"featured_media":0,"parent":0,"menu_order":0,"comment_status":"closed","ping_status":"closed","template":"","meta":{"neve_meta_sidebar":"","neve_meta_container":"","neve_meta_enable_content_width":"","neve_meta_content_width":0,"neve_meta_title_alignment":"","neve_meta_author_avatar":"","neve_post_elements_order":"","neve_meta_disable_header":"","neve_meta_disable_footer":"","neve_meta_disable_title":"","footnotes":""},"class_list":["post-19146","page","type-page","status-publish","hentry"],"jetpack_sharing_enabled":true,"_links":{"self":[{"href":"https:\/\/competenciesiepd.blog.pangea.org\/es\/wp-json\/wp\/v2\/pages\/19146","targetHints":{"allow":["GET"]}}],"collection":[{"href":"https:\/\/competenciesiepd.blog.pangea.org\/es\/wp-json\/wp\/v2\/pages"}],"about":[{"href":"https:\/\/competenciesiepd.blog.pangea.org\/es\/wp-json\/wp\/v2\/types\/page"}],"author":[{"embeddable":true,"href":"https:\/\/competenciesiepd.blog.pangea.org\/es\/wp-json\/wp\/v2\/users\/705"}],"replies":[{"embeddable":true,"href":"https:\/\/competenciesiepd.blog.pangea.org\/es\/wp-json\/wp\/v2\/comments?post=19146"}],"version-history":[{"count":5,"href":"https:\/\/competenciesiepd.blog.pangea.org\/es\/wp-json\/wp\/v2\/pages\/19146\/revisions"}],"predecessor-version":[{"id":19204,"href":"https:\/\/competenciesiepd.blog.pangea.org\/es\/wp-json\/wp\/v2\/pages\/19146\/revisions\/19204"}],"wp:attachment":[{"href":"https:\/\/competenciesiepd.blog.pangea.org\/es\/wp-json\/wp\/v2\/media?parent=19146"}],"curies":[{"name":"wp","href":"https:\/\/api.w.org\/{rel}","templated":true}]}}