{"id":188,"date":"2011-03-26T17:35:48","date_gmt":"2011-03-26T16:35:48","guid":{"rendered":"http:\/\/competenciesiepd.blog.pangea.org\/?page_id=188"},"modified":"2015-04-08T00:23:01","modified_gmt":"2015-04-07T22:23:01","slug":"per-que-competencies-i-epd","status":"publish","type":"page","link":"https:\/\/competenciesiepd.blog.pangea.org\/es\/projecte-competencies-i-epd\/per-que-competencies-i-epd\/","title":{"rendered":"\u00bfPor qu\u00e9 Competencias y EPD?"},"content":{"rendered":"<p><\/p>\n<p><img loading=\"lazy\" decoding=\"async\" class=\"alignright\" src=\"http:\/\/edualter.galeria.pangea.org\/cache\/competencies-i-epd\/sessio-5-12-juliol-2011\/f-20-sessio-05-continguts-d-aprenentatge-d-epd-i-la-relacio-amb-les-competencies-basiques_695.jpg\" alt=\"\" width=\"695\" height=\"463\" \/>El actual curr\u00edculum orientado al desarrollo de las competencias b\u00e1sicas implica la integraci\u00f3n de los conocimientos en la resoluci\u00f3n de problemas, aplic\u00e1ndolos a situaciones socialmente relevantes y la autonom\u00eda del alumnado para aprender y actuar de forma eficaz, lo que contribuye al hecho que el alumnado aprenda a cuestionarse y a ser m\u00e1s cr\u00edtico.<\/p>\n<p>Esta base pedag\u00f3gica y metodol\u00f3gica es muy cercana a la Educaci\u00f3n para el Desarrollo (EpD) por su naturaleza transversal, compleja e integradora. Por ello consideramos que el curr\u00edculum competencial ofrece una \u00f3ptima oportunidad para incorporar los contenidos de la EpD en escuelas e institutos.<\/p>\n<p>En la mayor\u00eda de centros educativos en que se realizan acciones orientadas a formar en los valores de la solidaridad, la equidad y la justicia social, se parte de la implicaci\u00f3n personal del profesorado y no de un proyecto de centro o implicaci\u00f3n de la comunidad educativa, por lo que dicho trabajo suele desarrollarse de forma puntual y aislada.<\/p>\n<p>Para poder incorporar los contenidos y metodolog\u00edas de la EpD de forma ordinaria en la educaci\u00f3n formal es necesaria su vinculaci\u00f3n al curr\u00edculum oficial, as\u00ed como la colaboraci\u00f3n de los diferentes agentes educativos. Ello supone que las ONGD tengan un mayor conocimiento del curr\u00edculum y de la organizaci\u00f3n de los centros educativos, a la vez que el profesorado trabaje de forma coordinada, junto con otros agentes educativos, e incorpore nuevas metodolog\u00edas y formas de organizaci\u00f3n del aula y del centro.<\/p>\n<p>As\u00ed pues, se ha creado un equipo multidisciplinar formado por diferentes agentes educativos (profesorado de primaria, secundaria y universidades, personal t\u00e9cnico de educaci\u00f3n y sensibilizaci\u00f3n de las ONGD y de las administraciones p\u00fablicas\u2026) que se propone construir de forma participativa y reflexiva una gu\u00eda de apoyo al profesorado y al personal t\u00e9cnico de las ONGD para facilitar la incorporaci\u00f3n de los contenidos, metodolog\u00edas y criterios de evaluaci\u00f3n vinculados a la solidaridad, la paz, el desarrollo humano sostenible y el an\u00e1lisis de las desigualdades globales en el curr\u00edculum de la educaci\u00f3n b\u00e1sica desde la perspectiva de las competencias b\u00e1sicas.<\/p>\n<\/p>\n<p><\/p>","protected":false},"excerpt":{"rendered":"<p>El actual curr\u00edculum orientado al desarrollo de las competencias b\u00e1sicas implica la integraci\u00f3n de los conocimientos en la resoluci\u00f3n de problemas, aplic\u00e1ndolos a situaciones socialmente relevantes y la autonom\u00eda del alumnado para aprender y actuar de forma eficaz, lo que contribuye al hecho que el alumnado aprenda a cuestionarse y a ser m\u00e1s cr\u00edtico. Esta&hellip;&nbsp;<a href=\"https:\/\/competenciesiepd.blog.pangea.org\/es\/projecte-competencies-i-epd\/per-que-competencies-i-epd\/\" rel=\"bookmark\">Leer m\u00e1s &raquo;<span class=\"screen-reader-text\">\u00bfPor qu\u00e9 Competencias y EPD?<\/span><\/a><\/p>\n","protected":false},"author":705,"featured_media":0,"parent":73,"menu_order":2,"comment_status":"open","ping_status":"closed","template":"","meta":{"neve_meta_sidebar":"","neve_meta_container":"","neve_meta_enable_content_width":"","neve_meta_content_width":0,"neve_meta_title_alignment":"","neve_meta_author_avatar":"","neve_post_elements_order":"","neve_meta_disable_header":"","neve_meta_disable_footer":"","neve_meta_disable_title":"","footnotes":""},"class_list":["post-188","page","type-page","status-publish","hentry"],"jetpack_sharing_enabled":true,"_links":{"self":[{"href":"https:\/\/competenciesiepd.blog.pangea.org\/es\/wp-json\/wp\/v2\/pages\/188","targetHints":{"allow":["GET"]}}],"collection":[{"href":"https:\/\/competenciesiepd.blog.pangea.org\/es\/wp-json\/wp\/v2\/pages"}],"about":[{"href":"https:\/\/competenciesiepd.blog.pangea.org\/es\/wp-json\/wp\/v2\/types\/page"}],"author":[{"embeddable":true,"href":"https:\/\/competenciesiepd.blog.pangea.org\/es\/wp-json\/wp\/v2\/users\/705"}],"replies":[{"embeddable":true,"href":"https:\/\/competenciesiepd.blog.pangea.org\/es\/wp-json\/wp\/v2\/comments?post=188"}],"version-history":[{"count":22,"href":"https:\/\/competenciesiepd.blog.pangea.org\/es\/wp-json\/wp\/v2\/pages\/188\/revisions"}],"predecessor-version":[{"id":18545,"href":"https:\/\/competenciesiepd.blog.pangea.org\/es\/wp-json\/wp\/v2\/pages\/188\/revisions\/18545"}],"up":[{"embeddable":true,"href":"https:\/\/competenciesiepd.blog.pangea.org\/es\/wp-json\/wp\/v2\/pages\/73"}],"wp:attachment":[{"href":"https:\/\/competenciesiepd.blog.pangea.org\/es\/wp-json\/wp\/v2\/media?parent=188"}],"curies":[{"name":"wp","href":"https:\/\/api.w.org\/{rel}","templated":true}]}}