{"id":1502,"date":"2012-10-21T00:27:19","date_gmt":"2012-10-20T22:27:19","guid":{"rendered":"http:\/\/competenciesiepd.blog.pangea.org\/?page_id=1502"},"modified":"2013-09-17T15:47:53","modified_gmt":"2013-09-17T13:47:53","slug":"presentacions-del-programa","status":"publish","type":"page","link":"https:\/\/competenciesiepd.blog.pangea.org\/es\/sessions-de-treball\/presentacions-del-programa\/","title":{"rendered":"Presentaciones del programa"},"content":{"rendered":"<p>En diferentes sesiones, reuniones, congresos y jornadas, hemos presentado el programa y compartido algunos avances y aprendizajes derivados de la reflexi\u00f3n del grupo de trabajo.<\/p>\n<p>En esta p\u00e1gina compartimos las descripciones de algunas de estas presentaciones.<\/p>\n<ul>\n<li>Presentaci\u00f3n Coordinadora de ONGD Girona<\/li>\n<li>Presentaci\u00f3n Coordinadora de ONG y otros Movimiendos Solidarios de Lleida<\/li>\n<li><a href=\"http:\/\/competenciesiepd.blog.pangea.org\/competencies-i-epd-al-i-congres-internacional-destudis-del-desenvolupament-reedes-ii\/?lang=es\">15 Noviembre, 2012. Comunicaci\u00f3n dek I Congreso Internacional de Estudios del Desarrollo REEDES<\/a><\/li>\n<\/ul>\n<p><\/p>","protected":false},"excerpt":{"rendered":"<p>En diferentes sesiones, reuniones, congresos y jornadas, hemos presentado el programa y compartido algunos avances y aprendizajes derivados de la reflexi\u00f3n del grupo de trabajo. En esta p\u00e1gina compartimos las descripciones de algunas de estas presentaciones. Presentaci\u00f3n Coordinadora de ONGD Girona Presentaci\u00f3n Coordinadora de ONG y otros Movimiendos Solidarios de Lleida 15 Noviembre, 2012. Comunicaci\u00f3n&hellip;&nbsp;<a href=\"https:\/\/competenciesiepd.blog.pangea.org\/es\/sessions-de-treball\/presentacions-del-programa\/\" rel=\"bookmark\">Leer m\u00e1s &raquo;<span class=\"screen-reader-text\">Presentaciones del programa<\/span><\/a><\/p>\n","protected":false},"author":705,"featured_media":0,"parent":197,"menu_order":4,"comment_status":"open","ping_status":"open","template":"","meta":{"neve_meta_sidebar":"","neve_meta_container":"","neve_meta_enable_content_width":"","neve_meta_content_width":0,"neve_meta_title_alignment":"","neve_meta_author_avatar":"","neve_post_elements_order":"","neve_meta_disable_header":"","neve_meta_disable_footer":"","neve_meta_disable_title":"","footnotes":""},"class_list":["post-1502","page","type-page","status-publish","hentry"],"jetpack_sharing_enabled":true,"_links":{"self":[{"href":"https:\/\/competenciesiepd.blog.pangea.org\/es\/wp-json\/wp\/v2\/pages\/1502","targetHints":{"allow":["GET"]}}],"collection":[{"href":"https:\/\/competenciesiepd.blog.pangea.org\/es\/wp-json\/wp\/v2\/pages"}],"about":[{"href":"https:\/\/competenciesiepd.blog.pangea.org\/es\/wp-json\/wp\/v2\/types\/page"}],"author":[{"embeddable":true,"href":"https:\/\/competenciesiepd.blog.pangea.org\/es\/wp-json\/wp\/v2\/users\/705"}],"replies":[{"embeddable":true,"href":"https:\/\/competenciesiepd.blog.pangea.org\/es\/wp-json\/wp\/v2\/comments?post=1502"}],"version-history":[{"count":5,"href":"https:\/\/competenciesiepd.blog.pangea.org\/es\/wp-json\/wp\/v2\/pages\/1502\/revisions"}],"predecessor-version":[{"id":1504,"href":"https:\/\/competenciesiepd.blog.pangea.org\/es\/wp-json\/wp\/v2\/pages\/1502\/revisions\/1504"}],"up":[{"embeddable":true,"href":"https:\/\/competenciesiepd.blog.pangea.org\/es\/wp-json\/wp\/v2\/pages\/197"}],"wp:attachment":[{"href":"https:\/\/competenciesiepd.blog.pangea.org\/es\/wp-json\/wp\/v2\/media?parent=1502"}],"curies":[{"name":"wp","href":"https:\/\/api.w.org\/{rel}","templated":true}]}}