{"id":1393,"date":"2012-07-22T23:54:05","date_gmt":"2012-07-22T21:54:05","guid":{"rendered":"http:\/\/competenciesiepd.blog.pangea.org\/?page_id=1393"},"modified":"2013-10-01T12:02:17","modified_gmt":"2013-10-01T10:02:17","slug":"avaluacio-de-les-jornades","status":"publish","type":"page","link":"https:\/\/competenciesiepd.blog.pangea.org\/es\/sessions-de-treball\/jornades-destiu-2012-intercanvi-dexperiencies\/avaluacio-de-les-jornades\/","title":{"rendered":"Evaluaci\u00f3n de las Jornadas"},"content":{"rendered":"<p>A continuaci\u00f3n os presentamos una serie de documentos de trabajo, valoraci\u00f3n y propuesta de los resultados de las Jornadas.<\/p>\n<p>Esperamos que esta documentaci\u00f3n sirva de referencia para la organizaci\u00f3n de futuras actividades similares y que las reflexiones expuestas aqu\u00ed contribuyan a mejorar el trabajo de EpD en el \u00e1mbito escolar:<br \/>\n<a href=\"http:\/\/competenciesiepd.blog.pangea.org\/files\/2012\/07\/Que-espero-de-las-jornadas.pdf\" target=\"_blank\"> \u00bfQu\u00e9 espero de las Jornadas?<\/a><\/p>\n<p><a href=\"http:\/\/competenciesiepd.blog.pangea.org\/files\/2012\/07\/documentos-jornadas.pdf\" target=\"_blank\">Resumen experiencias presentadas. Observaciones de participantes<\/a><img loading=\"lazy\" decoding=\"async\" class=\"alignright\" alt=\"\" src=\"http:\/\/edualter.galeria.pangea.org\/cache\/competencies-i-epd\/jornades-d-intercanvi-d-experiencies-2012\/presentacions-i-activitats\/09-01_595.jpg\" width=\"357\" height=\"212\" \/><\/p>\n<p><a href=\"http:\/\/competenciesiepd.blog.pangea.org\/files\/2012\/07\/Pasos-para-establecer-relaci%C3%B3n-escuela-ONG.pdf\" target=\"_blank\">Pasos para establecer relaciones Escuela &#8211; ONG<\/a><\/p>\n<p><a href=\"http:\/\/competenciesiepd.blog.pangea.org\/files\/2012\/07\/Propuestas-de-continuidad.pdf\" target=\"_blank\">Propuestas de continuidad<\/a><\/p>\n<p><a href=\"http:\/\/competenciesiepd.blog.pangea.org\/files\/2012\/07\/Que-me-llevo-y-que-he-echado-de-menos2.pdf\" target=\"_blank\">\u00bfQu\u00e9 me llevo y que he echado de menos?<\/a><\/p>\n<p><a href=\"http:\/\/competenciesiepd.blog.pangea.org\/files\/2012\/07\/documento-sistematizacion-jornadas.pdf\" target=\"_blank\">Sistematizaci\u00f3n de las Jornadas (Evaluaci\u00f3n asistentes y equipo t\u00e9cnico)<\/a><\/p>","protected":false},"excerpt":{"rendered":"<p>A continuaci\u00f3n os presentamos una serie de documentos de trabajo, valoraci\u00f3n y propuesta de los resultados de las Jornadas. Esperamos que esta documentaci\u00f3n sirva de referencia para la organizaci\u00f3n de futuras actividades similares y que las reflexiones expuestas aqu\u00ed contribuyan a mejorar el trabajo de EpD en el \u00e1mbito escolar: \u00bfQu\u00e9 espero de las Jornadas?&hellip;&nbsp;<a href=\"https:\/\/competenciesiepd.blog.pangea.org\/es\/sessions-de-treball\/jornades-destiu-2012-intercanvi-dexperiencies\/avaluacio-de-les-jornades\/\" rel=\"bookmark\">Leer m\u00e1s &raquo;<span class=\"screen-reader-text\">Evaluaci\u00f3n de las Jornadas<\/span><\/a><\/p>\n","protected":false},"author":705,"featured_media":0,"parent":1171,"menu_order":2,"comment_status":"open","ping_status":"open","template":"","meta":{"neve_meta_sidebar":"","neve_meta_container":"","neve_meta_enable_content_width":"","neve_meta_content_width":0,"neve_meta_title_alignment":"","neve_meta_author_avatar":"","neve_post_elements_order":"","neve_meta_disable_header":"","neve_meta_disable_footer":"","neve_meta_disable_title":"","footnotes":""},"class_list":["post-1393","page","type-page","status-publish","hentry"],"jetpack_sharing_enabled":true,"_links":{"self":[{"href":"https:\/\/competenciesiepd.blog.pangea.org\/es\/wp-json\/wp\/v2\/pages\/1393","targetHints":{"allow":["GET"]}}],"collection":[{"href":"https:\/\/competenciesiepd.blog.pangea.org\/es\/wp-json\/wp\/v2\/pages"}],"about":[{"href":"https:\/\/competenciesiepd.blog.pangea.org\/es\/wp-json\/wp\/v2\/types\/page"}],"author":[{"embeddable":true,"href":"https:\/\/competenciesiepd.blog.pangea.org\/es\/wp-json\/wp\/v2\/users\/705"}],"replies":[{"embeddable":true,"href":"https:\/\/competenciesiepd.blog.pangea.org\/es\/wp-json\/wp\/v2\/comments?post=1393"}],"version-history":[{"count":14,"href":"https:\/\/competenciesiepd.blog.pangea.org\/es\/wp-json\/wp\/v2\/pages\/1393\/revisions"}],"predecessor-version":[{"id":4239,"href":"https:\/\/competenciesiepd.blog.pangea.org\/es\/wp-json\/wp\/v2\/pages\/1393\/revisions\/4239"}],"up":[{"embeddable":true,"href":"https:\/\/competenciesiepd.blog.pangea.org\/es\/wp-json\/wp\/v2\/pages\/1171"}],"wp:attachment":[{"href":"https:\/\/competenciesiepd.blog.pangea.org\/es\/wp-json\/wp\/v2\/media?parent=1393"}],"curies":[{"name":"wp","href":"https:\/\/api.w.org\/{rel}","templated":true}]}}