{"id":19116,"date":"2020-01-15T12:44:11","date_gmt":"2020-01-15T11:44:11","guid":{"rendered":"http:\/\/competenciesiepd.blog.pangea.org\/?page_id=19116"},"modified":"2020-01-15T12:44:11","modified_gmt":"2020-01-15T11:44:11","slug":"estrategies-i-tecniques-didactiques-per-a-la-transformacio-i-la-justicia-global","status":"publish","type":"page","link":"https:\/\/competenciesiepd.blog.pangea.org\/en\/estrategies-i-tecniques-didactiques-per-a-la-transformacio-i-la-justicia-global\/","title":{"rendered":"(Catal\u00e0) Estrat\u00e8gies i t\u00e8cniques did\u00e0ctiques per a la transformaci\u00f3 i la just\u00edcia global"},"content":{"rendered":"","protected":false},"excerpt":{"rendered":"","protected":false},"author":705,"featured_media":0,"parent":0,"menu_order":0,"comment_status":"closed","ping_status":"closed","template":"","meta":{"neve_meta_sidebar":"","neve_meta_container":"","neve_meta_enable_content_width":"","neve_meta_content_width":0,"neve_meta_title_alignment":"","neve_meta_author_avatar":"","neve_post_elements_order":"","neve_meta_disable_header":"","neve_meta_disable_footer":"","neve_meta_disable_title":"","footnotes":""},"class_list":["post-19116","page","type-page","status-publish","hentry"],"jetpack_sharing_enabled":true,"_links":{"self":[{"href":"https:\/\/competenciesiepd.blog.pangea.org\/en\/wp-json\/wp\/v2\/pages\/19116","targetHints":{"allow":["GET"]}}],"collection":[{"href":"https:\/\/competenciesiepd.blog.pangea.org\/en\/wp-json\/wp\/v2\/pages"}],"about":[{"href":"https:\/\/competenciesiepd.blog.pangea.org\/en\/wp-json\/wp\/v2\/types\/page"}],"author":[{"embeddable":true,"href":"https:\/\/competenciesiepd.blog.pangea.org\/en\/wp-json\/wp\/v2\/users\/705"}],"replies":[{"embeddable":true,"href":"https:\/\/competenciesiepd.blog.pangea.org\/en\/wp-json\/wp\/v2\/comments?post=19116"}],"version-history":[{"count":1,"href":"https:\/\/competenciesiepd.blog.pangea.org\/en\/wp-json\/wp\/v2\/pages\/19116\/revisions"}],"predecessor-version":[{"id":19117,"href":"https:\/\/competenciesiepd.blog.pangea.org\/en\/wp-json\/wp\/v2\/pages\/19116\/revisions\/19117"}],"wp:attachment":[{"href":"https:\/\/competenciesiepd.blog.pangea.org\/en\/wp-json\/wp\/v2\/media?parent=19116"}],"curies":[{"name":"wp","href":"https:\/\/api.w.org\/{rel}","templated":true}]}}