{"id":1758,"date":"2013-01-22T01:14:39","date_gmt":"2013-01-22T00:14:39","guid":{"rendered":"http:\/\/competenciesiepd.blog.pangea.org\/?page_id=1758"},"modified":"2013-10-29T01:19:57","modified_gmt":"2013-10-29T00:19:57","slug":"proposta-deixos-tematics-depd-a-lambit-escolar","status":"publish","type":"page","link":"https:\/\/competenciesiepd.blog.pangea.org\/en\/recursos\/educacio-per-al-desenvolupament\/proposta-deixos-tematics-depd-a-lambit-escolar\/","title":{"rendered":"Proposta d&#8217;eixos tem\u00e0tics d&#8217;EPD a l&#8217;\u00e0mbit escolar"},"content":{"rendered":"<p>Proposta d&#8217;eixos tem\u00e0tics d&#8217;EPD a l&#8217;\u00e0mbit escolar<\/p>","protected":false},"excerpt":{"rendered":"<p>Proposta d&#8217;eixos tem\u00e0tics d&#8217;EPD a l&#8217;\u00e0mbit escolar<\/p>\n","protected":false},"author":705,"featured_media":0,"parent":202,"menu_order":1,"comment_status":"open","ping_status":"open","template":"","meta":{"neve_meta_sidebar":"","neve_meta_container":"","neve_meta_enable_content_width":"","neve_meta_content_width":0,"neve_meta_title_alignment":"","neve_meta_author_avatar":"","neve_post_elements_order":"","neve_meta_disable_header":"","neve_meta_disable_footer":"","neve_meta_disable_title":"","footnotes":""},"class_list":["post-1758","page","type-page","status-publish","hentry"],"jetpack_sharing_enabled":true,"_links":{"self":[{"href":"https:\/\/competenciesiepd.blog.pangea.org\/en\/wp-json\/wp\/v2\/pages\/1758","targetHints":{"allow":["GET"]}}],"collection":[{"href":"https:\/\/competenciesiepd.blog.pangea.org\/en\/wp-json\/wp\/v2\/pages"}],"about":[{"href":"https:\/\/competenciesiepd.blog.pangea.org\/en\/wp-json\/wp\/v2\/types\/page"}],"author":[{"embeddable":true,"href":"https:\/\/competenciesiepd.blog.pangea.org\/en\/wp-json\/wp\/v2\/users\/705"}],"replies":[{"embeddable":true,"href":"https:\/\/competenciesiepd.blog.pangea.org\/en\/wp-json\/wp\/v2\/comments?post=1758"}],"version-history":[{"count":31,"href":"https:\/\/competenciesiepd.blog.pangea.org\/en\/wp-json\/wp\/v2\/pages\/1758\/revisions"}],"predecessor-version":[{"id":6216,"href":"https:\/\/competenciesiepd.blog.pangea.org\/en\/wp-json\/wp\/v2\/pages\/1758\/revisions\/6216"}],"up":[{"embeddable":true,"href":"https:\/\/competenciesiepd.blog.pangea.org\/en\/wp-json\/wp\/v2\/pages\/202"}],"wp:attachment":[{"href":"https:\/\/competenciesiepd.blog.pangea.org\/en\/wp-json\/wp\/v2\/media?parent=1758"}],"curies":[{"name":"wp","href":"https:\/\/api.w.org\/{rel}","templated":true}]}}